{"id":3295,"date":"2024-04-03T18:34:15","date_gmt":"2024-04-03T18:34:15","guid":{"rendered":"https:\/\/justbeachypv.com\/?page_id=3295"},"modified":"2024-07-18T18:46:29","modified_gmt":"2024-07-18T18:46:29","slug":"groups-pv","status":"publish","type":"page","link":"https:\/\/justbeachypv.com\/es\/groups-pv\/","title":{"rendered":"GROUPS PV"},"content":{"rendered":"<div data-elementor-type=\"wp-page\" data-elementor-id=\"3295\" class=\"elementor elementor-3295\" data-elementor-post-type=\"page\">\n\t\t\t\t<div class=\"elementor-element elementor-element-7aab1e13 e-flex e-con-boxed e-con e-parent\" data-id=\"7aab1e13\" data-element_type=\"container\" data-settings=\"{&quot;background_background&quot;:&quot;classic&quot;}\">\n\t\t\t\t\t<div class=\"e-con-inner\">\n\t\t\t\t<div class=\"elementor-element elementor-element-6ab0e944 elementor-widget-tablet_extra__width-initial e-transform elementor-widget elementor-widget-heading\" data-id=\"6ab0e944\" data-element_type=\"widget\" data-settings=\"{&quot;_transform_scale_effect&quot;:{&quot;unit&quot;:&quot;px&quot;,&quot;size&quot;:1.5,&quot;sizes&quot;:[]},&quot;_transform_scale_effect_widescreen&quot;:{&quot;unit&quot;:&quot;px&quot;,&quot;size&quot;:&quot;&quot;,&quot;sizes&quot;:[]},&quot;_transform_scale_effect_laptop&quot;:{&quot;unit&quot;:&quot;px&quot;,&quot;size&quot;:&quot;&quot;,&quot;sizes&quot;:[]},&quot;_transform_scale_effect_tablet_extra&quot;:{&quot;unit&quot;:&quot;px&quot;,&quot;size&quot;:&quot;&quot;,&quot;sizes&quot;:[]},&quot;_transform_scale_effect_tablet&quot;:{&quot;unit&quot;:&quot;px&quot;,&quot;size&quot;:&quot;&quot;,&quot;sizes&quot;:[]},&quot;_transform_scale_effect_mobile_extra&quot;:{&quot;unit&quot;:&quot;px&quot;,&quot;size&quot;:&quot;&quot;,&quot;sizes&quot;:[]},&quot;_transform_scale_effect_mobile&quot;:{&quot;unit&quot;:&quot;px&quot;,&quot;size&quot;:&quot;&quot;,&quot;sizes&quot;:[]}}\" data-widget_type=\"heading.default\">\n\t\t\t\t<div class=\"elementor-widget-container\">\n\t\t\t\t\t<h1 class=\"elementor-heading-title elementor-size-default\">Grupos Just Beachy PV<\/h1>\t\t\t\t<\/div>\n\t\t\t\t<\/div>\n\t\t\t\t<div class=\"elementor-element elementor-element-317664af elementor-align-center elementor-mobile-align-center elementor-widget elementor-widget-button\" data-id=\"317664af\" data-element_type=\"widget\" data-widget_type=\"button.default\">\n\t\t\t\t<div class=\"elementor-widget-container\">\n\t\t\t\t\t\t\t\t\t<div class=\"elementor-button-wrapper\">\n\t\t\t\t\t<a class=\"elementor-button elementor-button-link elementor-size-sm\" href=\"https:\/\/justbeachypv.com\/es\/contact\/\">\n\t\t\t\t\t\t<span class=\"elementor-button-content-wrapper\">\n\t\t\t\t\t\t\t\t\t<span class=\"elementor-button-text\">Cont\u00e1ctanos<\/span>\n\t\t\t\t\t<\/span>\n\t\t\t\t\t<\/a>\n\t\t\t\t<\/div>\n\t\t\t\t\t\t\t\t<\/div>\n\t\t\t\t<\/div>\n\t\t\t\t\t<\/div>\n\t\t\t\t<\/div>\n\t\t<div class=\"elementor-element elementor-element-2eeee92f e-con-full e-flex e-con e-parent\" data-id=\"2eeee92f\" data-element_type=\"container\" data-settings=\"{&quot;background_background&quot;:&quot;classic&quot;}\">\n\t\t\t\t<div class=\"elementor-element elementor-element-33da238c elementor-widget elementor-widget-image\" data-id=\"33da238c\" data-element_type=\"widget\" data-widget_type=\"image.default\">\n\t\t\t\t<div class=\"elementor-widget-container\">\n\t\t\t\t\t\t\t\t\t\t\t\t\t\t\t<img fetchpriority=\"high\" decoding=\"async\" width=\"800\" height=\"450\" src=\"https:\/\/justbeachypv.com\/wp-content\/uploads\/2024\/06\/techo-3-1024x576.jpeg\" class=\"attachment-large size-large wp-image-3839\" alt=\"\" srcset=\"https:\/\/justbeachypv.com\/wp-content\/uploads\/2024\/06\/techo-3-1024x576.jpeg 1024w, https:\/\/justbeachypv.com\/wp-content\/uploads\/2024\/06\/techo-3-300x169.jpeg 300w, https:\/\/justbeachypv.com\/wp-content\/uploads\/2024\/06\/techo-3-768x432.jpeg 768w, https:\/\/justbeachypv.com\/wp-content\/uploads\/2024\/06\/techo-3-1536x864.jpeg 1536w, https:\/\/justbeachypv.com\/wp-content\/uploads\/2024\/06\/techo-3-2048x1152.jpeg 2048w, https:\/\/justbeachypv.com\/wp-content\/uploads\/2024\/06\/techo-3-600x338.jpeg 600w\" sizes=\"(max-width: 800px) 100vw, 800px\" \/>\t\t\t\t\t\t\t\t\t\t\t\t\t\t\t<\/div>\n\t\t\t\t<\/div>\n\t\t\t\t<\/div>\n\t\t<div class=\"elementor-element elementor-element-252e2893 e-flex e-con-boxed e-con e-parent\" data-id=\"252e2893\" data-element_type=\"container\">\n\t\t\t\t\t<div class=\"e-con-inner\">\n\t\t<div class=\"elementor-element elementor-element-2faa6e71 e-con-full e-flex e-con e-child\" data-id=\"2faa6e71\" data-element_type=\"container\">\n\t\t\t\t<div class=\"elementor-element elementor-element-5f8e9896 elementor-widget elementor-widget-image\" data-id=\"5f8e9896\" data-element_type=\"widget\" data-widget_type=\"image.default\">\n\t\t\t\t<div class=\"elementor-widget-container\">\n\t\t\t\t\t\t\t\t\t\t\t\t\t\t\t<img decoding=\"async\" width=\"800\" height=\"534\" src=\"https:\/\/justbeachypv.com\/wp-content\/uploads\/2024\/06\/two-bedroom-bliss-4-1024x683.jpg\" class=\"attachment-large size-large wp-image-3752\" alt=\"\" srcset=\"https:\/\/justbeachypv.com\/wp-content\/uploads\/2024\/06\/two-bedroom-bliss-4-1024x683.jpg 1024w, https:\/\/justbeachypv.com\/wp-content\/uploads\/2024\/06\/two-bedroom-bliss-4-300x200.jpg 300w, https:\/\/justbeachypv.com\/wp-content\/uploads\/2024\/06\/two-bedroom-bliss-4-768x512.jpg 768w, https:\/\/justbeachypv.com\/wp-content\/uploads\/2024\/06\/two-bedroom-bliss-4-1536x1024.jpg 1536w, https:\/\/justbeachypv.com\/wp-content\/uploads\/2024\/06\/two-bedroom-bliss-4-2048x1365.jpg 2048w, https:\/\/justbeachypv.com\/wp-content\/uploads\/2024\/06\/two-bedroom-bliss-4-600x400.jpg 600w\" sizes=\"(max-width: 800px) 100vw, 800px\" \/>\t\t\t\t\t\t\t\t\t\t\t\t\t\t\t<\/div>\n\t\t\t\t<\/div>\n\t\t\t\t<\/div>\n\t\t<div class=\"elementor-element elementor-element-5ca1253d e-con-full e-flex e-con e-child\" data-id=\"5ca1253d\" data-element_type=\"container\">\n\t\t\t\t<div class=\"elementor-element elementor-element-5f3d6d45 elementor-widget elementor-widget-text-editor\" data-id=\"5f3d6d45\" data-element_type=\"widget\" data-widget_type=\"text-editor.default\">\n\t\t\t\t<div class=\"elementor-widget-container\">\n\t\t\t\t\t\t\t\t\t<p>\u00a1\u00a1\u00a1A Just Beachy PV le encantan los grupos y a los grupos les encanta Just Beachy PV!!! \u00a1Tenemos el lugar perfecto para brindarte una experiencia perfecta de vacaciones grupales en Vallarta!<\/p><p>\u00a1Excelente ubicaci\u00f3n para grupos! \u00a1Grandes espacios grupales! \u00a1Gran calidad grupal! \u00a1Gran comodidad para el grupo! \u00a1Gran servicio grupal! \u00a1Excelentes precios para grupos!<\/p><p>\u00a1Nos divertimos mucho con todos los aspectos de los viajes en grupo y nos encantar\u00eda divertirnos contigo!<\/p><p>Just Beachy PV tiene una base de grupo maravillosamente ubicada en la zona rom\u00e1ntica de Puerto Vallarta, cerca de todas las delicias tur\u00edsticas y comidas locales. Nuestros grupos pueden caminar de forma r\u00e1pida y segura a la mejor playa de Vallarta y a los mejores restaurantes, bares y tiendas de Vallarta.<\/p><p>\u00a0<\/p>\t\t\t\t\t\t\t\t<\/div>\n\t\t\t\t<\/div>\n\t\t\t\t<\/div>\n\t\t\t\t\t<\/div>\n\t\t\t\t<\/div>\n\t\t<div class=\"elementor-element elementor-element-17afdbbc e-flex e-con-boxed e-con e-parent\" data-id=\"17afdbbc\" data-element_type=\"container\">\n\t\t\t\t\t<div class=\"e-con-inner\">\n\t\t<div class=\"elementor-element elementor-element-7e9a96fb e-con-full e-flex e-con e-child\" data-id=\"7e9a96fb\" data-element_type=\"container\">\n\t\t\t\t<div class=\"elementor-element elementor-element-1401fb6c elementor-widget-tablet_extra__width-initial elementor-widget elementor-widget-heading\" data-id=\"1401fb6c\" data-element_type=\"widget\" data-widget_type=\"heading.default\">\n\t\t\t\t<div class=\"elementor-widget-container\">\n\t\t\t\t\t<h3 class=\"elementor-heading-title elementor-size-default\">OFRECEMOS:<\/h3>\t\t\t\t<\/div>\n\t\t\t\t<\/div>\n\t\t\t\t<div class=\"elementor-element elementor-element-57f4cf57 elementor-icon-list--layout-traditional elementor-list-item-link-full_width elementor-widget elementor-widget-icon-list\" data-id=\"57f4cf57\" data-element_type=\"widget\" data-widget_type=\"icon-list.default\">\n\t\t\t\t<div class=\"elementor-widget-container\">\n\t\t\t\t\t\t\t<ul class=\"elementor-icon-list-items\">\n\t\t\t\t\t\t\t<li class=\"elementor-icon-list-item\">\n\t\t\t\t\t\t\t\t\t\t\t<span class=\"elementor-icon-list-icon\">\n\t\t\t\t\t\t\t<svg aria-hidden=\"true\" class=\"e-font-icon-svg e-fas-check\" viewbox=\"0 0 512 512\" xmlns=\"http:\/\/www.w3.org\/2000\/svg\"><path d=\"M173.898 439.404l-166.4-166.4c-9.997-9.997-9.997-26.206 0-36.204l36.203-36.204c9.997-9.998 26.207-9.998 36.204 0L192 312.69 432.095 72.596c9.997-9.997 26.207-9.997 36.204 0l36.203 36.204c9.997 9.997 9.997 26.206 0 36.204l-294.4 294.401c-9.998 9.997-26.207 9.997-36.204-.001z\"><\/path><\/svg>\t\t\t\t\t\t<\/span>\n\t\t\t\t\t\t\t\t\t\t<span class=\"elementor-icon-list-text\">14 camas premium de hostal boutique<\/span>\n\t\t\t\t\t\t\t\t\t<\/li>\n\t\t\t\t\t\t\t\t<li class=\"elementor-icon-list-item\">\n\t\t\t\t\t\t\t\t\t\t\t<span class=\"elementor-icon-list-icon\">\n\t\t\t\t\t\t\t<svg aria-hidden=\"true\" class=\"e-font-icon-svg e-fas-check\" viewbox=\"0 0 512 512\" xmlns=\"http:\/\/www.w3.org\/2000\/svg\"><path d=\"M173.898 439.404l-166.4-166.4c-9.997-9.997-9.997-26.206 0-36.204l36.203-36.204c9.997-9.998 26.207-9.998 36.204 0L192 312.69 432.095 72.596c9.997-9.997 26.207-9.997 36.204 0l36.203 36.204c9.997 9.997 9.997 26.206 0 36.204l-294.4 294.401c-9.998 9.997-26.207 9.997-36.204-.001z\"><\/path><\/svg>\t\t\t\t\t\t<\/span>\n\t\t\t\t\t\t\t\t\t\t<span class=\"elementor-icon-list-text\">3 condominios de una habitaci\u00f3n<\/span>\n\t\t\t\t\t\t\t\t\t<\/li>\n\t\t\t\t\t\t\t\t<li class=\"elementor-icon-list-item\">\n\t\t\t\t\t\t\t\t\t\t\t<span class=\"elementor-icon-list-icon\">\n\t\t\t\t\t\t\t<svg aria-hidden=\"true\" class=\"e-font-icon-svg e-fas-check\" viewbox=\"0 0 512 512\" xmlns=\"http:\/\/www.w3.org\/2000\/svg\"><path d=\"M173.898 439.404l-166.4-166.4c-9.997-9.997-9.997-26.206 0-36.204l36.203-36.204c9.997-9.998 26.207-9.998 36.204 0L192 312.69 432.095 72.596c9.997-9.997 26.207-9.997 36.204 0l36.203 36.204c9.997 9.997 9.997 26.206 0 36.204l-294.4 294.401c-9.998 9.997-26.207 9.997-36.204-.001z\"><\/path><\/svg>\t\t\t\t\t\t<\/span>\n\t\t\t\t\t\t\t\t\t\t<span class=\"elementor-icon-list-text\">2 lofts de dos dormitorios<\/span>\n\t\t\t\t\t\t\t\t\t<\/li>\n\t\t\t\t\t\t\t\t<li class=\"elementor-icon-list-item\">\n\t\t\t\t\t\t\t\t\t\t\t<span class=\"elementor-icon-list-icon\">\n\t\t\t\t\t\t\t<svg aria-hidden=\"true\" class=\"e-font-icon-svg e-fas-check\" viewbox=\"0 0 512 512\" xmlns=\"http:\/\/www.w3.org\/2000\/svg\"><path d=\"M173.898 439.404l-166.4-166.4c-9.997-9.997-9.997-26.206 0-36.204l36.203-36.204c9.997-9.998 26.207-9.998 36.204 0L192 312.69 432.095 72.596c9.997-9.997 26.207-9.997 36.204 0l36.203 36.204c9.997 9.997 9.997 26.206 0 36.204l-294.4 294.401c-9.998 9.997-26.207 9.997-36.204-.001z\"><\/path><\/svg>\t\t\t\t\t\t<\/span>\n\t\t\t\t\t\t\t\t\t\t<span class=\"elementor-icon-list-text\">1 suite de tres dormitorios<\/span>\n\t\t\t\t\t\t\t\t\t<\/li>\n\t\t\t\t\t\t\t\t<li class=\"elementor-icon-list-item\">\n\t\t\t\t\t\t\t\t\t\t\t<span class=\"elementor-icon-list-icon\">\n\t\t\t\t\t\t\t<svg aria-hidden=\"true\" class=\"e-font-icon-svg e-fas-check\" viewbox=\"0 0 512 512\" xmlns=\"http:\/\/www.w3.org\/2000\/svg\"><path d=\"M173.898 439.404l-166.4-166.4c-9.997-9.997-9.997-26.206 0-36.204l36.203-36.204c9.997-9.998 26.207-9.998 36.204 0L192 312.69 432.095 72.596c9.997-9.997 26.207-9.997 36.204 0l36.203 36.204c9.997 9.997 9.997 26.206 0 36.204l-294.4 294.401c-9.998 9.997-26.207 9.997-36.204-.001z\"><\/path><\/svg>\t\t\t\t\t\t<\/span>\n\t\t\t\t\t\t\t\t\t\t<span class=\"elementor-icon-list-text\">1 suite de cuatro dormitorios<\/span>\n\t\t\t\t\t\t\t\t\t<\/li>\n\t\t\t\t\t\t\t\t<li class=\"elementor-icon-list-item\">\n\t\t\t\t\t\t\t\t\t\t\t<span class=\"elementor-icon-list-icon\">\n\t\t\t\t\t\t\t<svg aria-hidden=\"true\" class=\"e-font-icon-svg e-fas-check\" viewbox=\"0 0 512 512\" xmlns=\"http:\/\/www.w3.org\/2000\/svg\"><path d=\"M173.898 439.404l-166.4-166.4c-9.997-9.997-9.997-26.206 0-36.204l36.203-36.204c9.997-9.998 26.207-9.998 36.204 0L192 312.69 432.095 72.596c9.997-9.997 26.207-9.997 36.204 0l36.203 36.204c9.997 9.997 9.997 26.206 0 36.204l-294.4 294.401c-9.998 9.997-26.207 9.997-36.204-.001z\"><\/path><\/svg>\t\t\t\t\t\t<\/span>\n\t\t\t\t\t\t\t\t\t\t<span class=\"elementor-icon-list-text\">Restaurante en la azotea \/ bar terraza<\/span>\n\t\t\t\t\t\t\t\t\t<\/li>\n\t\t\t\t\t\t\t\t<li class=\"elementor-icon-list-item\">\n\t\t\t\t\t\t\t\t\t\t\t<span class=\"elementor-icon-list-icon\">\n\t\t\t\t\t\t\t<svg aria-hidden=\"true\" class=\"e-font-icon-svg e-fas-check\" viewbox=\"0 0 512 512\" xmlns=\"http:\/\/www.w3.org\/2000\/svg\"><path d=\"M173.898 439.404l-166.4-166.4c-9.997-9.997-9.997-26.206 0-36.204l36.203-36.204c9.997-9.998 26.207-9.998 36.204 0L192 312.69 432.095 72.596c9.997-9.997 26.207-9.997 36.204 0l36.203 36.204c9.997 9.997 9.997 26.206 0 36.204l-294.4 294.401c-9.998 9.997-26.207 9.997-36.204-.001z\"><\/path><\/svg>\t\t\t\t\t\t<\/span>\n\t\t\t\t\t\t\t\t\t\t<span class=\"elementor-icon-list-text\">Bar divertido en la planta baja<\/span>\n\t\t\t\t\t\t\t\t\t<\/li>\n\t\t\t\t\t\t\t\t<li class=\"elementor-icon-list-item\">\n\t\t\t\t\t\t\t\t\t\t\t<span class=\"elementor-icon-list-icon\">\n\t\t\t\t\t\t\t<svg aria-hidden=\"true\" class=\"e-font-icon-svg e-fas-check\" viewbox=\"0 0 512 512\" xmlns=\"http:\/\/www.w3.org\/2000\/svg\"><path d=\"M173.898 439.404l-166.4-166.4c-9.997-9.997-9.997-26.206 0-36.204l36.203-36.204c9.997-9.998 26.207-9.998 36.204 0L192 312.69 432.095 72.596c9.997-9.997 26.207-9.997 36.204 0l36.203 36.204c9.997 9.997 9.997 26.206 0 36.204l-294.4 294.401c-9.998 9.997-26.207 9.997-36.204-.001z\"><\/path><\/svg>\t\t\t\t\t\t<\/span>\n\t\t\t\t\t\t\t\t\t\t<span class=\"elementor-icon-list-text\">\u00c1rea de Coworking<\/span>\n\t\t\t\t\t\t\t\t\t<\/li>\n\t\t\t\t\t\t<\/ul>\n\t\t\t\t\t\t<\/div>\n\t\t\t\t<\/div>\n\t\t\t\t<\/div>\n\t\t<div class=\"elementor-element elementor-element-58466561 e-con-full e-flex e-con e-child\" data-id=\"58466561\" data-element_type=\"container\">\n\t\t\t\t<div class=\"elementor-element elementor-element-1c3644d9 elementor-widget elementor-widget-image\" data-id=\"1c3644d9\" data-element_type=\"widget\" data-widget_type=\"image.default\">\n\t\t\t\t<div class=\"elementor-widget-container\">\n\t\t\t\t\t\t\t\t\t\t\t\t\t\t\t<img decoding=\"async\" width=\"800\" height=\"534\" src=\"https:\/\/justbeachypv.com\/wp-content\/uploads\/2024\/05\/1-1024x683.jpg\" class=\"attachment-large size-large wp-image-3659\" alt=\"\" srcset=\"https:\/\/justbeachypv.com\/wp-content\/uploads\/2024\/05\/1-1024x683.jpg 1024w, https:\/\/justbeachypv.com\/wp-content\/uploads\/2024\/05\/1-300x200.jpg 300w, https:\/\/justbeachypv.com\/wp-content\/uploads\/2024\/05\/1-768x512.jpg 768w, https:\/\/justbeachypv.com\/wp-content\/uploads\/2024\/05\/1-1536x1024.jpg 1536w, https:\/\/justbeachypv.com\/wp-content\/uploads\/2024\/05\/1-2048x1365.jpg 2048w, https:\/\/justbeachypv.com\/wp-content\/uploads\/2024\/05\/1-600x400.jpg 600w\" sizes=\"(max-width: 800px) 100vw, 800px\" \/>\t\t\t\t\t\t\t\t\t\t\t\t\t\t\t<\/div>\n\t\t\t\t<\/div>\n\t\t\t\t<\/div>\n\t\t\t\t\t<\/div>\n\t\t\t\t<\/div>\n\t\t<div class=\"elementor-element elementor-element-0282f92 e-flex e-con-boxed e-con e-parent\" data-id=\"0282f92\" data-element_type=\"container\">\n\t\t\t\t\t<div class=\"e-con-inner\">\n\t\t<div class=\"elementor-element elementor-element-bfe2764 e-con-full e-flex e-con e-child\" data-id=\"bfe2764\" data-element_type=\"container\">\n\t\t\t\t<div class=\"elementor-element elementor-element-25f9233 elementor-widget elementor-widget-image\" data-id=\"25f9233\" data-element_type=\"widget\" data-widget_type=\"image.default\">\n\t\t\t\t<div class=\"elementor-widget-container\">\n\t\t\t\t\t\t\t\t\t\t\t\t\t\t\t<img loading=\"lazy\" decoding=\"async\" width=\"589\" height=\"409\" src=\"https:\/\/justbeachypv.com\/wp-content\/uploads\/2024\/06\/3.jpg\" class=\"attachment-large size-large wp-image-3693\" alt=\"\" srcset=\"https:\/\/justbeachypv.com\/wp-content\/uploads\/2024\/06\/3.jpg 589w, https:\/\/justbeachypv.com\/wp-content\/uploads\/2024\/06\/3-300x208.jpg 300w\" sizes=\"(max-width: 589px) 100vw, 589px\" \/>\t\t\t\t\t\t\t\t\t\t\t\t\t\t\t<\/div>\n\t\t\t\t<\/div>\n\t\t\t\t<\/div>\n\t\t<div class=\"elementor-element elementor-element-2ff7a56 e-con-full e-flex e-con e-child\" data-id=\"2ff7a56\" data-element_type=\"container\">\n\t\t\t\t<div class=\"elementor-element elementor-element-d0d72db elementor-widget elementor-widget-heading\" data-id=\"d0d72db\" data-element_type=\"widget\" data-widget_type=\"heading.default\">\n\t\t\t\t<div class=\"elementor-widget-container\">\n\t\t\t\t\t<h3 class=\"elementor-heading-title elementor-size-default\">GRUPOS<\/h3>\t\t\t\t<\/div>\n\t\t\t\t<\/div>\n\t\t\t\t<div class=\"elementor-element elementor-element-27c1dfb elementor-widget elementor-widget-text-editor\" data-id=\"27c1dfb\" data-element_type=\"widget\" data-widget_type=\"text-editor.default\">\n\t\t\t\t<div class=\"elementor-widget-container\">\n\t\t\t\t\t\t\t\t\t<p>Nos aseguraremos de que la estad\u00eda como parte de su experiencia grupal sea muy c\u00f3moda, pero ofrecemos mucho m\u00e1s que un lugar para descansar.<\/p><p>Tenemos la capacidad de organizar todas las comidas y eventos en el lugar en Just Beachy PV, ya que contamos con nuestro elegante restaurante, bar y terraza en la azotea, que es el anfitri\u00f3n perfecto para cualquier comida o evento grupal. El interior del hostal boutique tambi\u00e9n es un excelente lugar para la diversi\u00f3n grupal, ya que contamos con un segundo bar divertido, un \u00e1rea de trabajo compartido y una sala de televisi\u00f3n.<\/p><p>Tambi\u00e9n utilizamos nuestras excelentes relaciones con Vallarta para ofrecer a nuestros grupos acceso a descuentos VIP fuera del sitio, actividades y tours privados para grupos, experiencias privadas en restaurantes y bares fuera del sitio y servicios de transporte privado.<\/p><p>La conclusi\u00f3n es que Just Beachy PV puede encargarse de todas las necesidades de su grupo, desde que baja hasta que regresa al avi\u00f3n, y lo har\u00e1 de manera profesional y asequible. Si tienes un grupo (m\u00e1ximo 50 px), comun\u00edcate con Just Beachy PV para ver si podemos reunirnos y hacer algo de magia grupal en Vallarta.<\/p>\t\t\t\t\t\t\t\t<\/div>\n\t\t\t\t<\/div>\n\t\t\t\t<\/div>\n\t\t\t\t\t<\/div>\n\t\t\t\t<\/div>\n\t\t<div class=\"elementor-element elementor-element-38e54f7f e-flex e-con-boxed e-con e-parent\" data-id=\"38e54f7f\" data-element_type=\"container\">\n\t\t\t\t\t<div class=\"e-con-inner\">\n\t\t\t\t<div class=\"elementor-element elementor-element-1997313c elementor-widget elementor-widget-spacer\" data-id=\"1997313c\" data-element_type=\"widget\" data-widget_type=\"spacer.default\">\n\t\t\t\t<div class=\"elementor-widget-container\">\n\t\t\t\t\t\t\t<div class=\"elementor-spacer\">\n\t\t\t<div class=\"elementor-spacer-inner\"><\/div>\n\t\t<\/div>\n\t\t\t\t\t\t<\/div>\n\t\t\t\t<\/div>\n\t\t\t\t<div class=\"elementor-element elementor-element-a19439c elementor-align-center elementor-mobile-align-center elementor-widget elementor-widget-button\" data-id=\"a19439c\" data-element_type=\"widget\" data-widget_type=\"button.default\">\n\t\t\t\t<div class=\"elementor-widget-container\">\n\t\t\t\t\t\t\t\t\t<div class=\"elementor-button-wrapper\">\n\t\t\t\t\t<a class=\"elementor-button elementor-button-link elementor-size-sm\" href=\"https:\/\/justbeachypv.com\/es\/contact\/\">\n\t\t\t\t\t\t<span class=\"elementor-button-content-wrapper\">\n\t\t\t\t\t\t\t\t\t<span class=\"elementor-button-text\">Cont\u00e1ctanos<\/span>\n\t\t\t\t\t<\/span>\n\t\t\t\t\t<\/a>\n\t\t\t\t<\/div>\n\t\t\t\t\t\t\t\t<\/div>\n\t\t\t\t<\/div>\n\t\t\t\t\t<\/div>\n\t\t\t\t<\/div>\n\t\t\t\t<\/div>","protected":false},"excerpt":{"rendered":"<p>Just Beachy PV Groups Contact us Just Beachy PV loves groups and groups love Just Beachy PV!!! We have the perfect place to provide you with a perfect Vallarta group vacation experience!!!! Great group location! Great group spaces! Great group quality! Great group comfort! Great group service! Great group prices! We have so much fun [&hellip;]<\/p>","protected":false},"author":1,"featured_media":0,"parent":0,"menu_order":0,"comment_status":"closed","ping_status":"closed","template":"","meta":{"footnotes":""},"aioseo_notices":[],"_links":{"self":[{"href":"https:\/\/justbeachypv.com\/es\/wp-json\/wp\/v2\/pages\/3295"}],"collection":[{"href":"https:\/\/justbeachypv.com\/es\/wp-json\/wp\/v2\/pages"}],"about":[{"href":"https:\/\/justbeachypv.com\/es\/wp-json\/wp\/v2\/types\/page"}],"author":[{"embeddable":true,"href":"https:\/\/justbeachypv.com\/es\/wp-json\/wp\/v2\/users\/1"}],"replies":[{"embeddable":true,"href":"https:\/\/justbeachypv.com\/es\/wp-json\/wp\/v2\/comments?post=3295"}],"version-history":[{"count":37,"href":"https:\/\/justbeachypv.com\/es\/wp-json\/wp\/v2\/pages\/3295\/revisions"}],"predecessor-version":[{"id":4091,"href":"https:\/\/justbeachypv.com\/es\/wp-json\/wp\/v2\/pages\/3295\/revisions\/4091"}],"wp:attachment":[{"href":"https:\/\/justbeachypv.com\/es\/wp-json\/wp\/v2\/media?parent=3295"}],"curies":[{"name":"wp","href":"https:\/\/api.w.org\/{rel}","templated":true}]}}